{"id":113,"date":"2026-03-29T13:33:24","date_gmt":"2026-03-29T13:33:24","guid":{"rendered":"https:\/\/palmiot.ma\/store\/?post_type=product&#038;p=113"},"modified":"2026-03-30T13:21:13","modified_gmt":"2026-03-30T13:21:13","slug":"passerelle-controle-lg","status":"publish","type":"product","link":"https:\/\/palmiot.ma\/store\/produit\/passerelle-controle-lg\/","title":{"rendered":"Passerelle contr\u00f4le   LG"},"content":{"rendered":"<div class=\"product-ref\"><strong>REF: <a href=\"https:\/\/www.zennio.com\/fr\/produit\/klic-lg1\/\">ZCL-LG1<\/a><\/strong><\/div>\n<div class=\"product-content\">\n<p>Passerelle Zennio pour le contr\u00f4le d\u2019unit\u00e9s d\u2019air conditionn\u00e9 LG depuis le syst\u00e8me KNX de fa\u00e7on bidirectionnelle. Il inclut 3 entr\u00e9es analogiques-num\u00e9riques pour des sondes de temp\u00e9rature, des d\u00e9tecteurs de mouvement ou des contacts binaires libres de potentiel (boutons poussoirs, capteurs ou interrupteurs) et 10 fonctions logiques. Accessoires: Sondes de temp\u00e9rature et d\u00e9tecteur de mouvement.<\/p>\n<\/div>\n","protected":false},"excerpt":{"rendered":"<p>REF: ZCL-LG1 Passerelle Zennio pour le contr\u00f4le d\u2019unit\u00e9s d\u2019air conditionn\u00e9 LG depuis le syst\u00e8me KNX de fa\u00e7on bidirectionnelle. Il inclut 3 entr\u00e9es analogiques-num\u00e9riques pour des sondes de temp\u00e9rature, des d\u00e9tecteurs de mouvement ou des contacts binaires libres de potentiel (boutons poussoirs, capteurs ou interrupteurs) et 10 fonctions logiques. Accessoires: Sondes de temp\u00e9rature et d\u00e9tecteur de &hellip;<\/p>\n<p class=\"read-more\"> <a class=\" thunk-readmore button \" href=\"https:\/\/palmiot.ma\/store\/produit\/passerelle-controle-lg\/\"> <span class=\"screen-reader-text\">Passerelle contr\u00f4le   LG<\/span>Read More<\/a><\/p>\n","protected":false},"featured_media":116,"comment_status":"open","ping_status":"closed","template":"","meta":{"pagelayer_contact_templates":[],"_pagelayer_content":""},"product_brand":[],"product_cat":[16],"product_tag":[],"class_list":{"0":"post-113","1":"product","2":"type-product","3":"status-publish","4":"has-post-thumbnail","6":"product_cat-controle-air-conditionne","7":"thunk-woo-product-list","8":"opn-qv-enable","9":"open-woo-hover-","10":"open-single-product-tab-horizontal","11":"open-shadow-","12":"open-shadow-hover-","14":"first","15":"instock","16":"taxable","17":"shipping-taxable","18":"product-type-simple"},"_links":{"self":[{"href":"https:\/\/palmiot.ma\/store\/wp-json\/wp\/v2\/product\/113","targetHints":{"allow":["GET"]}}],"collection":[{"href":"https:\/\/palmiot.ma\/store\/wp-json\/wp\/v2\/product"}],"about":[{"href":"https:\/\/palmiot.ma\/store\/wp-json\/wp\/v2\/types\/product"}],"replies":[{"embeddable":true,"href":"https:\/\/palmiot.ma\/store\/wp-json\/wp\/v2\/comments?post=113"}],"wp:featuredmedia":[{"embeddable":true,"href":"https:\/\/palmiot.ma\/store\/wp-json\/wp\/v2\/media\/116"}],"wp:attachment":[{"href":"https:\/\/palmiot.ma\/store\/wp-json\/wp\/v2\/media?parent=113"}],"wp:term":[{"taxonomy":"product_brand","embeddable":true,"href":"https:\/\/palmiot.ma\/store\/wp-json\/wp\/v2\/product_brand?post=113"},{"taxonomy":"product_cat","embeddable":true,"href":"https:\/\/palmiot.ma\/store\/wp-json\/wp\/v2\/product_cat?post=113"},{"taxonomy":"product_tag","embeddable":true,"href":"https:\/\/palmiot.ma\/store\/wp-json\/wp\/v2\/product_tag?post=113"}],"curies":[{"name":"wp","href":"https:\/\/api.w.org\/{rel}","templated":true}]}}