{"id":127,"date":"2026-03-29T13:50:30","date_gmt":"2026-03-29T13:50:30","guid":{"rendered":"https:\/\/palmiot.ma\/store\/?post_type=product&#038;p=127"},"modified":"2026-03-30T13:19:19","modified_gmt":"2026-03-30T13:19:19","slug":"passerelle-de-controle-samsung-industrielle-et-vrf","status":"publish","type":"product","link":"https:\/\/palmiot.ma\/store\/produit\/passerelle-de-controle-samsung-industrielle-et-vrf\/","title":{"rendered":"Passerelle de  contr\u00f4le   Samsung  industrielle et VRF"},"content":{"rendered":"<div class=\"product-ref\"><strong>REF:<a href=\"https:\/\/www.zennio.com\/fr\/produit\/klic-sg\/\"> ZCLSG<\/a><\/strong><\/div>\n<div class=\"product-content\">\n<p>\u00a0depuis le syst\u00e8me KNX de fa\u00e7on bidirectionnelle. Inclut 2 entr\u00e9es analogiques \u2013 num\u00e9riques pour des sondes de temp\u00e9rature, d\u00e9tecteur de mouvement ou des contacts libres de potentiel (boutons poussoirs, capteurs ou interrupteurs) et 10 fonctions logiques.<\/p>\n<\/div>\n","protected":false},"excerpt":{"rendered":"<p>REF: ZCLSG \u00a0depuis le syst\u00e8me KNX de fa\u00e7on bidirectionnelle. Inclut 2 entr\u00e9es analogiques \u2013 num\u00e9riques pour des sondes de temp\u00e9rature, d\u00e9tecteur de mouvement ou des contacts libres de potentiel (boutons poussoirs, capteurs ou interrupteurs) et 10 fonctions logiques.<\/p>\n","protected":false},"featured_media":130,"comment_status":"open","ping_status":"closed","template":"","meta":{"pagelayer_contact_templates":[],"_pagelayer_content":""},"product_brand":[],"product_cat":[16],"product_tag":[],"class_list":{"0":"post-127","1":"product","2":"type-product","3":"status-publish","4":"has-post-thumbnail","6":"product_cat-controle-air-conditionne","7":"thunk-woo-product-list","8":"opn-qv-enable","9":"open-woo-hover-","10":"open-single-product-tab-horizontal","11":"open-shadow-","12":"open-shadow-hover-","14":"first","15":"instock","16":"taxable","17":"shipping-taxable","18":"product-type-simple"},"_links":{"self":[{"href":"https:\/\/palmiot.ma\/store\/wp-json\/wp\/v2\/product\/127","targetHints":{"allow":["GET"]}}],"collection":[{"href":"https:\/\/palmiot.ma\/store\/wp-json\/wp\/v2\/product"}],"about":[{"href":"https:\/\/palmiot.ma\/store\/wp-json\/wp\/v2\/types\/product"}],"replies":[{"embeddable":true,"href":"https:\/\/palmiot.ma\/store\/wp-json\/wp\/v2\/comments?post=127"}],"wp:featuredmedia":[{"embeddable":true,"href":"https:\/\/palmiot.ma\/store\/wp-json\/wp\/v2\/media\/130"}],"wp:attachment":[{"href":"https:\/\/palmiot.ma\/store\/wp-json\/wp\/v2\/media?parent=127"}],"wp:term":[{"taxonomy":"product_brand","embeddable":true,"href":"https:\/\/palmiot.ma\/store\/wp-json\/wp\/v2\/product_brand?post=127"},{"taxonomy":"product_cat","embeddable":true,"href":"https:\/\/palmiot.ma\/store\/wp-json\/wp\/v2\/product_cat?post=127"},{"taxonomy":"product_tag","embeddable":true,"href":"https:\/\/palmiot.ma\/store\/wp-json\/wp\/v2\/product_tag?post=127"}],"curies":[{"name":"wp","href":"https:\/\/api.w.org\/{rel}","templated":true}]}}