{"id":135,"date":"2026-03-29T14:35:46","date_gmt":"2026-03-29T14:35:46","guid":{"rendered":"https:\/\/palmiot.ma\/store\/?post_type=product&#038;p=135"},"modified":"2026-03-30T13:18:31","modified_gmt":"2026-03-30T13:18:31","slug":"z100","status":"publish","type":"product","link":"https:\/\/palmiot.ma\/store\/produit\/z100\/","title":{"rendered":"Z100"},"content":{"rendered":"<h2 class=\"entry-subtitle\">Ecran tactile capacitif couleur de 10&Prime;.<\/h2>\n<div class=\"product-ref\"><strong>REF: ZVIZ100<\/strong><\/div>\n<div class=\"product-content\">\n<p>\u00c9cran tactile capacitif de 10\u201d avec display LCD de 16 millions de couleurs et r\u00e9solution de 1280\u00a0x\u00a0800\u00a0pixels pour le contr\u00f4le int\u00e9gral de la maison, chambre d\u2019h\u00f4tel ou tout autre type d\u2019installation, gr\u00e2ce \u00e0 ses 12 pages totalement personnalisables, suivant une esth\u00e9tique intemporelle et minimaliste. Il inclut un capteur de luminosit\u00e9 pour le r\u00e9glage automatique de son r\u00e9tro-\u00e9clairage, ainsi qu\u2019un d\u00e9tecteur de proximit\u00e9 pour un allumage rapide sur usage, qui peut aussi lancer un \u00e9cran de veille. Il dispose aussi de 2 thermostats et de 4 entr\u00e9es analogiques-num\u00e9riques. Il dispose de ports USB et Ethernet pour le t\u00e9l\u00e9chargement du firmware.<br \/>\nInstallation en bo\u00eetier d\u2019encastrement standard double europ\u00e9en et anglais.<\/p>\n<p>D\u2019autres fonctions avanc\u00e9es peuvent \u00eatre activ\u00e9es avec les licences suivantes\u00a0:<\/p>\n<ul>\n<li>Remote Control License \u2013 Contr\u00f4le \u00e0 distance au moyen d\u2019une application mobile ou d\u2019un navigateur web\u00a0:\n<ul>\n<li>R\u00e9f. 8500006 \u2013 Licence virtuelle<\/li>\n<li>R\u00e9f. ZLIC70RCBX \u2013 Licence en coffret<\/li>\n<\/ul>\n<\/li>\n<li>Licence Vid\u00e9o Portier \u2013 Int\u00e9gration avec les syst\u00e8mes de vid\u00e9o portier compatibles\u00a0:\n<ul>\n<li>R\u00e9f. 8500007 \u2013 Licence virtuelle<\/li>\n<li>R\u00e9f. ZLIC70VPBX \u2013 Licence en coffret<\/li>\n<\/ul>\n<\/li>\n<li>ZenVoice License \u2013 Licence de contr\u00f4le vocal. La licence de contr\u00f4le \u00e0 distance est n\u00e9cessaire (R\u00e9f. ZLIC70RCBX\/8500006)\u00a0:\n<ul>\n<li>R\u00e9f. 8500008 \u2013 Licence virtuelle<\/li>\n<li>R\u00e9f. ZLICZVBX \u2013 Licence en coffret<\/li>\n<\/ul>\n<\/li>\n<\/ul>\n<\/div>\n<p>&nbsp;<\/p>\n<h1><\/h1>\n","protected":false},"excerpt":{"rendered":"<p>Ecran tactile capacitif couleur de 10&Prime;. REF: ZVIZ100 \u00c9cran tactile capacitif de 10\u201d avec display LCD de 16 millions de couleurs et r\u00e9solution de 1280\u00a0x\u00a0800\u00a0pixels pour le contr\u00f4le int\u00e9gral de la maison, chambre d\u2019h\u00f4tel ou tout autre type d\u2019installation, gr\u00e2ce \u00e0 ses 12 pages totalement personnalisables, suivant une esth\u00e9tique intemporelle et minimaliste. Il inclut un &hellip;<\/p>\n<p class=\"read-more\"> <a class=\" thunk-readmore button \" href=\"https:\/\/palmiot.ma\/store\/produit\/z100\/\"> <span class=\"screen-reader-text\">Z100<\/span>Read More<\/a><\/p>\n","protected":false},"featured_media":139,"comment_status":"open","ping_status":"closed","template":"","meta":{"pagelayer_contact_templates":[],"_pagelayer_content":""},"product_brand":[],"product_cat":[15],"product_tag":[],"class_list":{"0":"post-135","1":"product","2":"type-product","3":"status-publish","4":"has-post-thumbnail","6":"product_cat-non-classe","7":"thunk-woo-product-list","8":"opn-qv-enable","9":"open-woo-hover-","10":"open-single-product-tab-horizontal","11":"open-shadow-","12":"open-shadow-hover-","14":"first","15":"instock","16":"taxable","17":"shipping-taxable","18":"product-type-simple"},"_links":{"self":[{"href":"https:\/\/palmiot.ma\/store\/wp-json\/wp\/v2\/product\/135","targetHints":{"allow":["GET"]}}],"collection":[{"href":"https:\/\/palmiot.ma\/store\/wp-json\/wp\/v2\/product"}],"about":[{"href":"https:\/\/palmiot.ma\/store\/wp-json\/wp\/v2\/types\/product"}],"replies":[{"embeddable":true,"href":"https:\/\/palmiot.ma\/store\/wp-json\/wp\/v2\/comments?post=135"}],"wp:featuredmedia":[{"embeddable":true,"href":"https:\/\/palmiot.ma\/store\/wp-json\/wp\/v2\/media\/139"}],"wp:attachment":[{"href":"https:\/\/palmiot.ma\/store\/wp-json\/wp\/v2\/media?parent=135"}],"wp:term":[{"taxonomy":"product_brand","embeddable":true,"href":"https:\/\/palmiot.ma\/store\/wp-json\/wp\/v2\/product_brand?post=135"},{"taxonomy":"product_cat","embeddable":true,"href":"https:\/\/palmiot.ma\/store\/wp-json\/wp\/v2\/product_cat?post=135"},{"taxonomy":"product_tag","embeddable":true,"href":"https:\/\/palmiot.ma\/store\/wp-json\/wp\/v2\/product_tag?post=135"}],"curies":[{"name":"wp","href":"https:\/\/api.w.org\/{rel}","templated":true}]}}