{"id":14,"date":"2026-03-28T16:39:48","date_gmt":"2026-03-28T16:39:48","guid":{"rendered":"https:\/\/palmiot.ma\/store\/?post_type=product&#038;p=14"},"modified":"2026-03-30T13:23:41","modified_gmt":"2026-03-30T13:23:41","slug":"zviz50a","status":"publish","type":"product","link":"https:\/\/palmiot.ma\/store\/produit\/zviz50a\/","title":{"rendered":"Z50"},"content":{"rendered":"<h2 class=\"entry-subtitle\">\u00c9cran tactile capacitif couleur de 5&Prime;.<\/h2>\n<div class=\"product-ref\"><strong>REF: ZVIZ50<\/strong><\/div>\n<div class=\"product-content\">\n<p>\u00c9cran tactile capacitif couleur de 5\u201d r\u00e9tro-\u00e9clair\u00e9 avec une r\u00e9solution de 480\u00a0x\u00a0854\u00a0pixels, pouvant \u00eatre install\u00e9 \u00e0 l\u2019horizontale comme \u00e0 la verticale, qui permet le contr\u00f4le total de l\u2019installation, gr\u00e2ce \u00e0 ses 12 pages personnalis\u00e9s, gardant une esth\u00e9tique minimaliste. Il dispose de 2 entr\u00e9es analogiques-num\u00e9riques, une sonde de temp\u00e9rature interne et 2 thermostats ind\u00e9pendants. Il inclut un d\u00e9tecteur de proximit\u00e9 pour d\u00e9tecter l\u2019activit\u00e9 proche pour un allumage rapide, ainsi que pour d\u00e9sactiver l\u2019\u00e9cran de veille, s\u2019il a \u00e9t\u00e9 configur\u00e9. Il dispose aussi d\u2019un capteur de luminosit\u00e9 pour un r\u00e9glage automatique de l\u2019\u00e9clairage. Il inclut un port USB et Ethernet pour le t\u00e9l\u00e9chargement du firmware. Installation en bo\u00eetier d\u2019encastrement standard europ\u00e9en et anglais.<\/p>\n<p>D\u2019autres fonctions avanc\u00e9es peuvent \u00eatre activ\u00e9es avec les licences suivantes\u00a0:<\/p>\n<ul>\n<li>Licence Remote Control \u2013 Contr\u00f4le \u00e0 distance au moyen d\u2019une application mobile ou d\u2019un navigateur web\u00a0:\n<ul>\n<li>R\u00e9f. 8500006 \u2013 Licence virtuelle<\/li>\n<li>R\u00e9f. ZLIC70RCBX \u2013 Licence en coffret<\/li>\n<\/ul>\n<\/li>\n<li>Licence Intercom \u2013 Int\u00e9gration avec les syst\u00e8mes de vid\u00e9o portier :\n<ul>\n<li>R\u00e9f. 8500007 \u2013 Licence virtuelle<\/li>\n<li>R\u00e9f. ZLIC70VPBX \u2013 Licence en coffret<\/li>\n<\/ul>\n<\/li>\n<li>Licence ZenVoice \u2013 Licence de contr\u00f4le vocal. La licence de contr\u00f4le \u00e0 distance est n\u00e9cessaire (R\u00e9f. ZLIC70RCBX\/8500006) :\n<ul>\n<li>R\u00e9f. 8500008 \u2013 Licence virtuelle<\/li>\n<li>R\u00e9f. ZLICZVBX \u2013 Licence en coffret<\/li>\n<\/ul>\n<\/li>\n<\/ul>\n<\/div>\n","protected":false},"excerpt":{"rendered":"<p>\u00c9cran tactile capacitif couleur de 5&Prime;. REF: ZVIZ50 \u00c9cran tactile capacitif couleur de 5\u201d r\u00e9tro-\u00e9clair\u00e9 avec une r\u00e9solution de 480\u00a0x\u00a0854\u00a0pixels, pouvant \u00eatre install\u00e9 \u00e0 l\u2019horizontale comme \u00e0 la verticale, qui permet le contr\u00f4le total de l\u2019installation, gr\u00e2ce \u00e0 ses 12 pages personnalis\u00e9s, gardant une esth\u00e9tique minimaliste. Il dispose de 2 entr\u00e9es analogiques-num\u00e9riques, une sonde de &hellip;<\/p>\n<p class=\"read-more\"> <a class=\" thunk-readmore button \" href=\"https:\/\/palmiot.ma\/store\/produit\/zviz50a\/\"> <span class=\"screen-reader-text\">Z50<\/span>Read More<\/a><\/p>\n","protected":false},"featured_media":162,"comment_status":"open","ping_status":"closed","template":"","meta":{"pagelayer_contact_templates":[],"_pagelayer_content":""},"product_brand":[],"product_cat":[15],"product_tag":[],"class_list":{"0":"post-14","1":"product","2":"type-product","3":"status-publish","4":"has-post-thumbnail","6":"product_cat-non-classe","7":"thunk-woo-product-list","8":"opn-qv-enable","9":"open-woo-hover-","10":"open-single-product-tab-horizontal","11":"open-shadow-","12":"open-shadow-hover-","14":"first","15":"instock","16":"taxable","17":"shipping-taxable","18":"product-type-simple"},"_links":{"self":[{"href":"https:\/\/palmiot.ma\/store\/wp-json\/wp\/v2\/product\/14","targetHints":{"allow":["GET"]}}],"collection":[{"href":"https:\/\/palmiot.ma\/store\/wp-json\/wp\/v2\/product"}],"about":[{"href":"https:\/\/palmiot.ma\/store\/wp-json\/wp\/v2\/types\/product"}],"replies":[{"embeddable":true,"href":"https:\/\/palmiot.ma\/store\/wp-json\/wp\/v2\/comments?post=14"}],"wp:featuredmedia":[{"embeddable":true,"href":"https:\/\/palmiot.ma\/store\/wp-json\/wp\/v2\/media\/162"}],"wp:attachment":[{"href":"https:\/\/palmiot.ma\/store\/wp-json\/wp\/v2\/media?parent=14"}],"wp:term":[{"taxonomy":"product_brand","embeddable":true,"href":"https:\/\/palmiot.ma\/store\/wp-json\/wp\/v2\/product_brand?post=14"},{"taxonomy":"product_cat","embeddable":true,"href":"https:\/\/palmiot.ma\/store\/wp-json\/wp\/v2\/product_cat?post=14"},{"taxonomy":"product_tag","embeddable":true,"href":"https:\/\/palmiot.ma\/store\/wp-json\/wp\/v2\/product_tag?post=14"}],"curies":[{"name":"wp","href":"https:\/\/api.w.org\/{rel}","templated":true}]}}