{"id":145,"date":"2026-03-29T14:44:20","date_gmt":"2026-03-29T14:44:20","guid":{"rendered":"https:\/\/palmiot.ma\/store\/?post_type=product&#038;p=145"},"modified":"2026-03-30T13:18:06","modified_gmt":"2026-03-30T13:18:06","slug":"z70-v2","status":"publish","type":"product","link":"https:\/\/palmiot.ma\/store\/produit\/z70-v2\/","title":{"rendered":"Z70 v2"},"content":{"rendered":"<h2 class=\"entry-subtitle\">\u00c9cran tactile capacitif couleur de 7&Prime;.<\/h2>\n<div class=\"product-ref\"><strong>REF: ZVIZ70V2<\/strong><\/div>\n<div class=\"product-content\">\n<p>\u00c9cran tactile capacitif couleur de 7\u2033 pour un contr\u00f4le total de la maison connect\u00e9e ou de la chambre d\u2019h\u00f4tel, suivant une esth\u00e9tique minimaliste. Le capteur de proximit\u00e9 permet de lancer un \u00e9cran de veille lorsqu\u2019il n\u2019est pas utilis\u00e9 et sa luminosit\u00e9 s\u2019ajuste automatiquement, avec le capteur de luminosit\u00e9 inclus. Le Z70\u00a0v2 dispose d\u2019une sonde interne de temp\u00e9rature, de deux thermostats et de 4 entr\u00e9es analogiques\/num\u00e9riques. Il inclut un port USB et Ethernet pour le t\u00e9l\u00e9chargement du firmware.<br \/>\nInstallation en bo\u00eete d\u2019encastrement europ\u00e9enne et anglaise standard double.<\/p>\n<p>D\u2019autres fonctions avanc\u00e9es peuvent \u00eatre activ\u00e9es avec les licences suivantes\u00a0:<\/p>\n<ul>\n<li>Remote Control License \u2013 Contr\u00f4le \u00e0 distance au moyen d\u2019une application mobile ou d\u2019un navigateur web\u00a0:\n<ul>\n<li>\n<ul>\n<li>R\u00e9f. 8500006 \u2013 Licence virtuelle<\/li>\n<li>R\u00e9f. ZLIC70RCBX \u2013 Licence en coffret<\/li>\n<\/ul>\n<\/li>\n<\/ul>\n<\/li>\n<li>Video Intercom License \u2013 Licence Vid\u00e9o Interphone \u2013 Int\u00e9gration avec les syst\u00e8mes d\u2019interphone vid\u00e9o\u00a0:\n<ul>\n<li>\n<ul>\n<li>R\u00e9f. 8500007 \u2013 Licence virtuelle<\/li>\n<li>R\u00e9f. ZLIC70VPBX \u2013 Licence en coffret<\/li>\n<\/ul>\n<\/li>\n<\/ul>\n<\/li>\n<li>ZenVoice License \u2013 Licence de contr\u00f4le vocal. La licence de contr\u00f4le \u00e0 distance est n\u00e9cessaire (R\u00e9f. ZLIC70RCBX\/8500006)\u00a0:\n<ul>\n<li>\n<ul>\n<li>R\u00e9f. 8500008 \u2013 Licence virtuelle<\/li>\n<li>R\u00e9f. ZLICZVBX \u2013 Licence en coffret<\/li>\n<\/ul>\n<\/li>\n<\/ul>\n<\/li>\n<\/ul>\n<\/div>\n","protected":false},"excerpt":{"rendered":"<p>\u00c9cran tactile capacitif couleur de 7&Prime;. REF: ZVIZ70V2 \u00c9cran tactile capacitif couleur de 7\u2033 pour un contr\u00f4le total de la maison connect\u00e9e ou de la chambre d\u2019h\u00f4tel, suivant une esth\u00e9tique minimaliste. Le capteur de proximit\u00e9 permet de lancer un \u00e9cran de veille lorsqu\u2019il n\u2019est pas utilis\u00e9 et sa luminosit\u00e9 s\u2019ajuste automatiquement, avec le capteur de &hellip;<\/p>\n<p class=\"read-more\"> <a class=\" thunk-readmore button \" href=\"https:\/\/palmiot.ma\/store\/produit\/z70-v2\/\"> <span class=\"screen-reader-text\">Z70 v2<\/span>Read More<\/a><\/p>\n","protected":false},"featured_media":153,"comment_status":"open","ping_status":"closed","template":"","meta":{"pagelayer_contact_templates":[],"_pagelayer_content":""},"product_brand":[],"product_cat":[15],"product_tag":[],"class_list":{"0":"post-145","1":"product","2":"type-product","3":"status-publish","4":"has-post-thumbnail","6":"product_cat-non-classe","7":"thunk-woo-product-list","8":"opn-qv-enable","9":"open-woo-hover-","10":"open-single-product-tab-horizontal","11":"open-shadow-","12":"open-shadow-hover-","14":"first","15":"instock","16":"taxable","17":"shipping-taxable","18":"product-type-simple"},"_links":{"self":[{"href":"https:\/\/palmiot.ma\/store\/wp-json\/wp\/v2\/product\/145","targetHints":{"allow":["GET"]}}],"collection":[{"href":"https:\/\/palmiot.ma\/store\/wp-json\/wp\/v2\/product"}],"about":[{"href":"https:\/\/palmiot.ma\/store\/wp-json\/wp\/v2\/types\/product"}],"replies":[{"embeddable":true,"href":"https:\/\/palmiot.ma\/store\/wp-json\/wp\/v2\/comments?post=145"}],"wp:featuredmedia":[{"embeddable":true,"href":"https:\/\/palmiot.ma\/store\/wp-json\/wp\/v2\/media\/153"}],"wp:attachment":[{"href":"https:\/\/palmiot.ma\/store\/wp-json\/wp\/v2\/media?parent=145"}],"wp:term":[{"taxonomy":"product_brand","embeddable":true,"href":"https:\/\/palmiot.ma\/store\/wp-json\/wp\/v2\/product_brand?post=145"},{"taxonomy":"product_cat","embeddable":true,"href":"https:\/\/palmiot.ma\/store\/wp-json\/wp\/v2\/product_cat?post=145"},{"taxonomy":"product_tag","embeddable":true,"href":"https:\/\/palmiot.ma\/store\/wp-json\/wp\/v2\/product_tag?post=145"}],"curies":[{"name":"wp","href":"https:\/\/api.w.org\/{rel}","templated":true}]}}