{"id":20,"date":"2026-03-28T16:40:25","date_gmt":"2026-03-28T16:40:25","guid":{"rendered":"https:\/\/palmiot.ma\/store\/?post_type=product&#038;p=20"},"modified":"2026-03-29T21:03:00","modified_gmt":"2026-03-29T21:03:00","slug":"kit-100-points","status":"publish","type":"product","link":"https:\/\/palmiot.ma\/store\/produit\/kit-100-points\/","title":{"rendered":"KIT 100 POINTS"},"content":{"rendered":"<ul>\n<li><a href=\"https:\/\/www.zennio.com\/fr\/produit\/z70-v2\/\">\u00a0<strong>\u00c9cran tactile KNX\u00a0 \u00a0Z70 v2. \u00c9cran 7&Prime; tactile couleur capacitif<\/strong><\/a>\n<ul data-spread=\"false\">\n<li>Interface moderne et intuitive<\/li>\n<li>Contr\u00f4le centralis\u00e9 (\u00e9clairage, climatisation, volets, sc\u00e9narios\u2026)<\/li>\n<\/ul>\n<\/li>\n<li><a href=\"https:\/\/www.eaetechnology.com\/en\/products\/knx-products\/room-control-units\/rcu2018-room-control-unit\">\u26a1 <strong>Actionneurs KNX EAE 2018\u00a0<\/strong><\/a>\n<ul data-spread=\"false\">\n<li>Gestion des circuits d\u2019\u00e9clairage<\/li>\n<li>Commande des volets roulants<\/li>\n<li>Pilotage des \u00e9quipements \u00e9lectriques piscines et autre<\/li>\n<\/ul>\n<\/li>\n<\/ul>\n<ul>\n<li>\n<p data-path-to-node=\"5,2,0\"><span data-path-to-node=\"11,1,0,0\"><b data-path-to-node=\"11,1,0,0\" data-index-in-node=\"0\">Option Clim (par Split)<\/b><\/span><span data-path-to-node=\"11,1,1,0\"><b data-path-to-node=\"11,1,1,0\" data-index-in-node=\"0\">\u00c0 partir de 2450,00 Mad HT<\/b>*<\/span><\/p>\n<p data-path-to-node=\"5,2,0\">Composition du Kit :<\/p>\n<ul data-path-to-node=\"5\">\n<li>\n<p data-path-to-node=\"5,0,0\"><b data-path-to-node=\"5,0,0\" data-index-in-node=\"0\">1 x \u00c9cran Tactile Capacitif 5&Prime; (ZVIZ70)\u00a0<\/b><\/p>\n<\/li>\n<li>\n<p data-path-to-node=\"5,1,0\"><b data-path-to-node=\"5,1,0\" data-index-in-node=\"0\">\u00a03x Unit\u00e9s de Contr\u00f4le RCU2018 (EAE) :<\/b> Soit 60<b data-path-to-node=\"5,1,0\" data-index-in-node=\"44\">\u00a0sorties de 16A<\/b> au total,<\/p>\n<\/li>\n<li>\n<p data-path-to-node=\"5,2,0\"><b data-path-to-node=\"5,2,0\" data-index-in-node=\"0\">Pose &amp; Programmation :<\/b> Installation professionnelle et configuration personnalis\u00e9e de vos sc\u00e9narios par nos experts.<\/p>\n<\/li>\n<li>option clim\u00a0 passerelle par split<\/li>\n<\/ul>\n<\/li>\n<\/ul>\n<p>&nbsp;<\/p>\n","protected":false},"excerpt":{"rendered":"<p><strong>kit domotique KNX cl\u00e9 en main<\/strong>, sp\u00e9cialement con\u00e7u pour les projets villa de <strong>100 points ou moins<\/strong>, incluant la fourniture, la pose et la programmation.<\/p>\n","protected":false},"featured_media":27,"comment_status":"open","ping_status":"closed","template":"","meta":{"pagelayer_contact_templates":[],"_pagelayer_content":""},"product_brand":[],"product_cat":[17],"product_tag":[],"class_list":{"0":"post-20","1":"product","2":"type-product","3":"status-publish","4":"has-post-thumbnail","6":"product_cat-kits-villas","7":"thunk-woo-product-list","8":"opn-qv-enable","9":"open-woo-hover-","10":"open-single-product-tab-horizontal","11":"open-shadow-","12":"open-shadow-hover-","14":"first","15":"instock","16":"taxable","17":"shipping-taxable","18":"purchasable","19":"product-type-simple"},"_links":{"self":[{"href":"https:\/\/palmiot.ma\/store\/wp-json\/wp\/v2\/product\/20","targetHints":{"allow":["GET"]}}],"collection":[{"href":"https:\/\/palmiot.ma\/store\/wp-json\/wp\/v2\/product"}],"about":[{"href":"https:\/\/palmiot.ma\/store\/wp-json\/wp\/v2\/types\/product"}],"replies":[{"embeddable":true,"href":"https:\/\/palmiot.ma\/store\/wp-json\/wp\/v2\/comments?post=20"}],"wp:featuredmedia":[{"embeddable":true,"href":"https:\/\/palmiot.ma\/store\/wp-json\/wp\/v2\/media\/27"}],"wp:attachment":[{"href":"https:\/\/palmiot.ma\/store\/wp-json\/wp\/v2\/media?parent=20"}],"wp:term":[{"taxonomy":"product_brand","embeddable":true,"href":"https:\/\/palmiot.ma\/store\/wp-json\/wp\/v2\/product_brand?post=20"},{"taxonomy":"product_cat","embeddable":true,"href":"https:\/\/palmiot.ma\/store\/wp-json\/wp\/v2\/product_cat?post=20"},{"taxonomy":"product_tag","embeddable":true,"href":"https:\/\/palmiot.ma\/store\/wp-json\/wp\/v2\/product_tag?post=20"}],"curies":[{"name":"wp","href":"https:\/\/api.w.org\/{rel}","templated":true}]}}