{"id":208,"date":"2026-03-29T22:09:35","date_gmt":"2026-03-29T22:09:35","guid":{"rendered":"https:\/\/palmiot.ma\/store\/?post_type=product&#038;p=208"},"modified":"2026-03-30T13:15:53","modified_gmt":"2026-03-30T13:15:53","slug":"zioinbc2","status":"publish","type":"product","link":"https:\/\/palmiot.ma\/store\/produit\/zioinbc2\/","title":{"rendered":"ZIOINBC2"},"content":{"rendered":"<div class=\"product-ref\"><strong>REF: ZIOINBC2<\/strong><\/div>\n<div class=\"product-content\">\n<p>Actionneur pour rail DIN (2 unit\u00e9s) \u00e0 2 sorties individuelles avec relais industriels (20\u00a0A C-Load) et mesure de courant. Il permet de contr\u00f4ler manuellement au moyen d\u2019interrupteurs actionnables qui contr\u00f4lent directement le relais, ind\u00e9pendamment de la pr\u00e9sence d\u2019alimentation. Il inclut la mesure du courant sur chaque sortie, pour pouvoir conna\u00eetre la consommation, en temps r\u00e9el, des charges connect\u00e9es, ainsi que les valeurs de puissance et d\u2019\u00e9nergie. Il dispose de 20 fonctions logiques ind\u00e9pendantes. Il est compatible avec KNX Secure.<\/p>\n<\/div>\n","protected":false},"excerpt":{"rendered":"<h1 class=\"entry-title\">IndustrialBOX Current 2<\/h1>\n<h2 class=\"entry-subtitle\">Actionneur industriel avec 2 sorties (20\u00a0A &#8211; 200\u00a0\u00b5F), mesure de courant et KNX\u00a0Secure<\/h2>\n","protected":false},"featured_media":211,"comment_status":"open","ping_status":"closed","template":"","meta":{"pagelayer_contact_templates":[],"_pagelayer_content":""},"product_brand":[],"product_cat":[30],"product_tag":[],"class_list":{"0":"post-208","1":"product","2":"type-product","3":"status-publish","4":"has-post-thumbnail","6":"product_cat-actionneurs-binaires","7":"thunk-woo-product-list","8":"opn-qv-enable","9":"open-woo-hover-","10":"open-single-product-tab-horizontal","11":"open-shadow-","12":"open-shadow-hover-","14":"first","15":"instock","16":"taxable","17":"shipping-taxable","18":"product-type-simple"},"_links":{"self":[{"href":"https:\/\/palmiot.ma\/store\/wp-json\/wp\/v2\/product\/208","targetHints":{"allow":["GET"]}}],"collection":[{"href":"https:\/\/palmiot.ma\/store\/wp-json\/wp\/v2\/product"}],"about":[{"href":"https:\/\/palmiot.ma\/store\/wp-json\/wp\/v2\/types\/product"}],"replies":[{"embeddable":true,"href":"https:\/\/palmiot.ma\/store\/wp-json\/wp\/v2\/comments?post=208"}],"wp:featuredmedia":[{"embeddable":true,"href":"https:\/\/palmiot.ma\/store\/wp-json\/wp\/v2\/media\/211"}],"wp:attachment":[{"href":"https:\/\/palmiot.ma\/store\/wp-json\/wp\/v2\/media?parent=208"}],"wp:term":[{"taxonomy":"product_brand","embeddable":true,"href":"https:\/\/palmiot.ma\/store\/wp-json\/wp\/v2\/product_brand?post=208"},{"taxonomy":"product_cat","embeddable":true,"href":"https:\/\/palmiot.ma\/store\/wp-json\/wp\/v2\/product_cat?post=208"},{"taxonomy":"product_tag","embeddable":true,"href":"https:\/\/palmiot.ma\/store\/wp-json\/wp\/v2\/product_tag?post=208"}],"curies":[{"name":"wp","href":"https:\/\/api.w.org\/{rel}","templated":true}]}}