{"id":213,"date":"2026-03-29T22:12:23","date_gmt":"2026-03-29T22:12:23","guid":{"rendered":"https:\/\/palmiot.ma\/store\/?post_type=product&#038;p=213"},"modified":"2026-03-30T13:15:23","modified_gmt":"2026-03-30T13:15:23","slug":"zioinb8","status":"publish","type":"product","link":"https:\/\/palmiot.ma\/store\/produit\/zioinb8\/","title":{"rendered":"ZIOINB8"},"content":{"rendered":"<div class=\"product-ref\"><strong>REF: ZIOINB8<\/strong><\/div>\n<div class=\"product-content\">\n<p>Actionneur pour rail DIN (8 unit\u00e9s) \u00e0 8 sorties individuelles avec relais industriels (20\u00a0A C-Load). Il permet de contr\u00f4ler manuellement au moyen d\u2019interrupteurs actionnables qui contr\u00f4lent directement le relais, ind\u00e9pendamment de la pr\u00e9sence d\u2019alimentation. Il dispose de 20 fonctions logiques ind\u00e9pendantes. Il est compatible avec KNX Secure.<\/p>\n<\/div>\n","protected":false},"excerpt":{"rendered":"<h1 class=\"entry-title\">IndustrialBOX 8<\/h1>\n<h2 class=\"entry-subtitle\">Actionneur industriel avec 8 sorties (20\u00a0A &#8211; 200\u00a0\u00b5F), contr\u00f4le manuel m\u00e9canique et KNX\u00a0Secure<\/h2>\n","protected":false},"featured_media":216,"comment_status":"open","ping_status":"closed","template":"","meta":{"pagelayer_contact_templates":[],"_pagelayer_content":""},"product_brand":[],"product_cat":[30],"product_tag":[],"class_list":{"0":"post-213","1":"product","2":"type-product","3":"status-publish","4":"has-post-thumbnail","6":"product_cat-actionneurs-binaires","7":"thunk-woo-product-list","8":"opn-qv-enable","9":"open-woo-hover-","10":"open-single-product-tab-horizontal","11":"open-shadow-","12":"open-shadow-hover-","14":"first","15":"instock","16":"taxable","17":"shipping-taxable","18":"product-type-simple"},"_links":{"self":[{"href":"https:\/\/palmiot.ma\/store\/wp-json\/wp\/v2\/product\/213","targetHints":{"allow":["GET"]}}],"collection":[{"href":"https:\/\/palmiot.ma\/store\/wp-json\/wp\/v2\/product"}],"about":[{"href":"https:\/\/palmiot.ma\/store\/wp-json\/wp\/v2\/types\/product"}],"replies":[{"embeddable":true,"href":"https:\/\/palmiot.ma\/store\/wp-json\/wp\/v2\/comments?post=213"}],"wp:featuredmedia":[{"embeddable":true,"href":"https:\/\/palmiot.ma\/store\/wp-json\/wp\/v2\/media\/216"}],"wp:attachment":[{"href":"https:\/\/palmiot.ma\/store\/wp-json\/wp\/v2\/media?parent=213"}],"wp:term":[{"taxonomy":"product_brand","embeddable":true,"href":"https:\/\/palmiot.ma\/store\/wp-json\/wp\/v2\/product_brand?post=213"},{"taxonomy":"product_cat","embeddable":true,"href":"https:\/\/palmiot.ma\/store\/wp-json\/wp\/v2\/product_cat?post=213"},{"taxonomy":"product_tag","embeddable":true,"href":"https:\/\/palmiot.ma\/store\/wp-json\/wp\/v2\/product_tag?post=213"}],"curies":[{"name":"wp","href":"https:\/\/api.w.org\/{rel}","templated":true}]}}