{"id":24,"date":"2026-03-28T16:40:25","date_gmt":"2026-03-28T16:40:25","guid":{"rendered":"https:\/\/palmiot.ma\/store\/?post_type=product&#038;p=24"},"modified":"2026-03-30T13:20:20","modified_gmt":"2026-03-30T13:20:20","slug":"controle-clim-daikin","status":"publish","type":"product","link":"https:\/\/palmiot.ma\/store\/produit\/controle-clim-daikin\/","title":{"rendered":"CONTR\u00d4LE CLIM DAIKIN"},"content":{"rendered":"<div class=\"product-ref\"><strong>REF: <a href=\"https:\/\/www.zennio.com\/fr\/produit\/klic-dd-v3\/\">ZCLDDV3<\/a><\/strong><\/div>\n<div class=\"product-content\">\n<p>Interface KNX \u2013 Daikin domestiques. Le KLIC-DD v3 est une interface de communication bidirectionnelle pour l\u2019int\u00e9gration d\u2019appareils de la s\u00e9rie domestique de Daikin sous KNX. Il inclut 2 entr\u00e9es analogiquesnum\u00e9riques pour des sondes de temp\u00e9rature, des d\u00e9tecteurs de mouvement ou des contacts binaires libres de potentiel (boutons poussoirs, capteurs ou interrupteurs) et 10 fonctions logiques.<\/p>\n<\/div>\n","protected":false},"excerpt":{"rendered":"<p>Int\u00e9gration Contr\u00f4leur de Climatisation \u00a0DAIKIN\u2013 Fourniture, Installation &amp; Programmation<\/p>\n<h3 data-section-id=\"zfs6n7\" data-start=\"835\" data-end=\"870\">Ce que comprend le service<\/h3>\n<p data-start=\"872\" data-end=\"1154\">\u2714 Fourniture du contr\u00f4leur <strong> ZCLDDV3<\/strong><br data-start=\"931\" data-end=\"934\" \/>\u2714 Installation et raccordement \u00e9lectrique<br data-start=\"975\" data-end=\"978\" \/>\u2714 Int\u00e9gration au syst\u00e8me\u00a0<br data-start=\"1035\" data-end=\"1038\" \/>\u2714 Programmation compl\u00e8te (temp\u00e9rature, horaires, sc\u00e9narios)<br data-start=\"1097\" data-end=\"1100\" \/>\u2714 Tests et mise en service<br data-start=\"1126\" data-end=\"1129\" \/>\u2714 Formation utilisateur<\/p>\n","protected":false},"featured_media":35,"comment_status":"open","ping_status":"closed","template":"","meta":{"pagelayer_contact_templates":[],"_pagelayer_content":""},"product_brand":[],"product_cat":[16],"product_tag":[],"class_list":{"0":"post-24","1":"product","2":"type-product","3":"status-publish","4":"has-post-thumbnail","6":"product_cat-controle-air-conditionne","7":"thunk-woo-product-list","8":"opn-qv-enable","9":"open-woo-hover-","10":"open-single-product-tab-horizontal","11":"open-shadow-","12":"open-shadow-hover-","14":"first","15":"instock","16":"taxable","17":"shipping-taxable","18":"product-type-simple"},"_links":{"self":[{"href":"https:\/\/palmiot.ma\/store\/wp-json\/wp\/v2\/product\/24","targetHints":{"allow":["GET"]}}],"collection":[{"href":"https:\/\/palmiot.ma\/store\/wp-json\/wp\/v2\/product"}],"about":[{"href":"https:\/\/palmiot.ma\/store\/wp-json\/wp\/v2\/types\/product"}],"replies":[{"embeddable":true,"href":"https:\/\/palmiot.ma\/store\/wp-json\/wp\/v2\/comments?post=24"}],"wp:featuredmedia":[{"embeddable":true,"href":"https:\/\/palmiot.ma\/store\/wp-json\/wp\/v2\/media\/35"}],"wp:attachment":[{"href":"https:\/\/palmiot.ma\/store\/wp-json\/wp\/v2\/media?parent=24"}],"wp:term":[{"taxonomy":"product_brand","embeddable":true,"href":"https:\/\/palmiot.ma\/store\/wp-json\/wp\/v2\/product_brand?post=24"},{"taxonomy":"product_cat","embeddable":true,"href":"https:\/\/palmiot.ma\/store\/wp-json\/wp\/v2\/product_cat?post=24"},{"taxonomy":"product_tag","embeddable":true,"href":"https:\/\/palmiot.ma\/store\/wp-json\/wp\/v2\/product_tag?post=24"}],"curies":[{"name":"wp","href":"https:\/\/api.w.org\/{rel}","templated":true}]}}