{"id":25,"date":"2026-03-28T16:40:25","date_gmt":"2026-03-28T16:40:25","guid":{"rendered":"https:\/\/palmiot.ma\/store\/?post_type=product&#038;p=25"},"modified":"2026-03-30T13:21:44","modified_gmt":"2026-03-30T13:21:44","slug":"controle-clim-mitsubishi","status":"publish","type":"product","link":"https:\/\/palmiot.ma\/store\/produit\/controle-clim-mitsubishi\/","title":{"rendered":"CONTR\u00d4LE CLIM Mitsubishi"},"content":{"rendered":"<div class=\"product-ref\"><strong>REF: <a href=\"https:\/\/www.zennio.com\/fr\/produit\/klic-mitt-v3\/\">ZCLMITTV3<\/a><\/strong><\/div>\n<div class=\"product-content\">\n<p>Passerelle Zennio pour le contr\u00f4le d\u2019unit\u00e9s de climatisation Mitsubishi Electric au travers du connecteur \u00ab IT terminal \u00bb depuis le syst\u00e8me KNX de fa\u00e7on bidirectionnelle. Inclut 2 entr\u00e9es analogiques \u2013 num\u00e9riques pour des sondes de temp\u00e9rature, d\u00e9tecteur de mouvement ou des contacts libres de potentiel (boutons poussoirs, capteurs ou interrupteurs) et 10 fonctions logiques.<\/p>\n<\/div>\n","protected":false},"excerpt":{"rendered":"<p>Int\u00e9gration Contr\u00f4leur de Climatisation \u00a0DAIKIN\u2013 Fourniture, Installation &amp; Programmation<\/p>\n<h3 data-section-id=\"zfs6n7\" data-start=\"835\" data-end=\"870\">Ce que comprend le service<\/h3>\n<p data-start=\"872\" data-end=\"1154\">\u2714 Fourniture du contr\u00f4leur <strong> <a href=\"https:\/\/www.zennio.com\/fr\/produit\/klic-mitt-v3\/\">ZCLMITTV3<\/a><\/strong><br data-start=\"931\" data-end=\"934\" \/>\u2714 Installation et raccordement \u00e9lectrique<br data-start=\"975\" data-end=\"978\" \/>\u2714 Int\u00e9gration au syst\u00e8me\u00a0<br data-start=\"1035\" data-end=\"1038\" \/>\u2714 Programmation compl\u00e8te (temp\u00e9rature, horaires, sc\u00e9narios)<br data-start=\"1097\" data-end=\"1100\" \/>\u2714 Tests et mise en service<br data-start=\"1126\" data-end=\"1129\" \/>\u2714 Formation utilisateur<\/p>\n","protected":false},"featured_media":37,"comment_status":"open","ping_status":"closed","template":"","meta":{"pagelayer_contact_templates":[],"_pagelayer_content":""},"product_brand":[],"product_cat":[16],"product_tag":[],"class_list":{"0":"post-25","1":"product","2":"type-product","3":"status-publish","4":"has-post-thumbnail","6":"product_cat-controle-air-conditionne","7":"thunk-woo-product-list","8":"opn-qv-enable","9":"open-woo-hover-","10":"open-single-product-tab-horizontal","11":"open-shadow-","12":"open-shadow-hover-","14":"first","15":"instock","16":"taxable","17":"shipping-taxable","18":"product-type-simple"},"_links":{"self":[{"href":"https:\/\/palmiot.ma\/store\/wp-json\/wp\/v2\/product\/25","targetHints":{"allow":["GET"]}}],"collection":[{"href":"https:\/\/palmiot.ma\/store\/wp-json\/wp\/v2\/product"}],"about":[{"href":"https:\/\/palmiot.ma\/store\/wp-json\/wp\/v2\/types\/product"}],"replies":[{"embeddable":true,"href":"https:\/\/palmiot.ma\/store\/wp-json\/wp\/v2\/comments?post=25"}],"wp:featuredmedia":[{"embeddable":true,"href":"https:\/\/palmiot.ma\/store\/wp-json\/wp\/v2\/media\/37"}],"wp:attachment":[{"href":"https:\/\/palmiot.ma\/store\/wp-json\/wp\/v2\/media?parent=25"}],"wp:term":[{"taxonomy":"product_brand","embeddable":true,"href":"https:\/\/palmiot.ma\/store\/wp-json\/wp\/v2\/product_brand?post=25"},{"taxonomy":"product_cat","embeddable":true,"href":"https:\/\/palmiot.ma\/store\/wp-json\/wp\/v2\/product_cat?post=25"},{"taxonomy":"product_tag","embeddable":true,"href":"https:\/\/palmiot.ma\/store\/wp-json\/wp\/v2\/product_tag?post=25"}],"curies":[{"name":"wp","href":"https:\/\/api.w.org\/{rel}","templated":true}]}}