{"id":270,"date":"2026-03-30T17:07:31","date_gmt":"2026-03-30T17:07:31","guid":{"rendered":"https:\/\/palmiot.ma\/store\/?post_type=product&#038;p=270"},"modified":"2026-03-30T17:08:07","modified_gmt":"2026-03-30T17:08:07","slug":"ziomb24v2","status":"publish","type":"product","link":"https:\/\/palmiot.ma\/store\/produit\/ziomb24v2\/","title":{"rendered":"ZIOMB24V2"},"content":{"rendered":"<div class=\"product-ref\"><strong>REF: ZIOMB24V2<\/strong><\/div>\n<div class=\"product-content\">\n<p>Actionneur multifonction pour rail DIN (12\u00a0unit\u00e9s) qui permet une configuration multiple de jusqu\u2019\u00e0 12 canaux de volet, jusqu\u2019\u00e0 24 sorties ind\u00e9pendantes de jusqu\u2019\u00e0 16\u00a0A (valables pour des charges capacitives), et jusqu\u2019\u00e0 6 blocs de contr\u00f4le de ventilo-convecteurs de 2 tubes. Il permet le contr\u00f4le manuel au moyen de boutons poussoir et les indicateurs LED informent de l\u2019\u00e9tat de ses sorties. Il inclut 30 fonctions logiques ind\u00e9pendantes pour une plus grande versatilit\u00e9 dans les automatisations KNX. Accessoires\u00a0: adaptateurs de volet AC\/DC.<\/p>\n<\/div>\n","protected":false},"excerpt":{"rendered":"<h1 class=\"entry-title\">MAXinBOX 24 v2<\/h1>\n<h2 class=\"entry-subtitle\">Actionneur multifonction avec 24 sorties pour rail DIN<\/h2>\n","protected":false},"featured_media":273,"comment_status":"open","ping_status":"closed","template":"","meta":{"pagelayer_contact_templates":[],"_pagelayer_content":""},"product_brand":[],"product_cat":[31],"product_tag":[],"class_list":{"0":"post-270","1":"product","2":"type-product","3":"status-publish","4":"has-post-thumbnail","6":"product_cat-actionneurs-multifonctions","7":"thunk-woo-product-list","8":"opn-qv-enable","9":"open-woo-hover-","10":"open-single-product-tab-horizontal","11":"open-shadow-","12":"open-shadow-hover-","14":"first","15":"instock","16":"taxable","17":"shipping-taxable","18":"product-type-simple"},"_links":{"self":[{"href":"https:\/\/palmiot.ma\/store\/wp-json\/wp\/v2\/product\/270","targetHints":{"allow":["GET"]}}],"collection":[{"href":"https:\/\/palmiot.ma\/store\/wp-json\/wp\/v2\/product"}],"about":[{"href":"https:\/\/palmiot.ma\/store\/wp-json\/wp\/v2\/types\/product"}],"replies":[{"embeddable":true,"href":"https:\/\/palmiot.ma\/store\/wp-json\/wp\/v2\/comments?post=270"}],"wp:featuredmedia":[{"embeddable":true,"href":"https:\/\/palmiot.ma\/store\/wp-json\/wp\/v2\/media\/273"}],"wp:attachment":[{"href":"https:\/\/palmiot.ma\/store\/wp-json\/wp\/v2\/media?parent=270"}],"wp:term":[{"taxonomy":"product_brand","embeddable":true,"href":"https:\/\/palmiot.ma\/store\/wp-json\/wp\/v2\/product_brand?post=270"},{"taxonomy":"product_cat","embeddable":true,"href":"https:\/\/palmiot.ma\/store\/wp-json\/wp\/v2\/product_cat?post=270"},{"taxonomy":"product_tag","embeddable":true,"href":"https:\/\/palmiot.ma\/store\/wp-json\/wp\/v2\/product_tag?post=270"}],"curies":[{"name":"wp","href":"https:\/\/api.w.org\/{rel}","templated":true}]}}