{"id":305,"date":"2026-03-30T17:52:24","date_gmt":"2026-03-30T17:52:24","guid":{"rendered":"https:\/\/palmiot.ma\/store\/?post_type=product&#038;p=305"},"modified":"2026-03-30T17:52:24","modified_gmt":"2026-03-30T17:52:24","slug":"ziomn45v3","status":"publish","type":"product","link":"https:\/\/palmiot.ma\/store\/produit\/ziomn45v3\/","title":{"rendered":"ZIOMN45V3"},"content":{"rendered":"<div class=\"product-ref\"><strong>REF:<\/strong><\/div>\n<div class=\"product-content\">\n<p>Actionneur multifonction pour rail DIN (2 unit\u00e9s) \u00e0 4 sorties 16\u00a0A C-Load qui offre un param\u00e9trage multiple comme canaux volets et sorties individuelles ou m\u00eame contr\u00f4leur de ventilo-convecteur. Il permet le contr\u00f4le manuel \u00e0 travers des appuis et inclut un module de fonctions logiques. Le MINiBOX\u00a045\u00a0v3 dispose de 5 entr\u00e9es analogiques-num\u00e9riques qui peuvent \u00eatre param\u00e9tr\u00e9es comme entr\u00e9es binaires multifonction, pour capteurs et boutons poussoirs libre de potentiel, comme entr\u00e9es de sondes de temp\u00e9rature ou comme entr\u00e9es de capteurs de mouvement, ainsi que quatre thermostats de zone pour contr\u00f4le de circuits froid\/chaud. Il est compatible avec KNX Secure.<br \/>\nAccessoires : Sondes de temp\u00e9rature, d\u00e9tecteur de mouvement et adaptateurs de volet AC\/DC.<\/p>\n<\/div>\n","protected":false},"excerpt":{"rendered":"<h1 class=\"entry-title\">MINiBOX 45 v3<\/h1>\n<h2 class=\"entry-subtitle\">Actionneur multifonction KNX avec KNX Secure &#8211; 4 sorties 16 A \/ 5 entr\u00e9es A\/N<\/h2>\n","protected":false},"featured_media":308,"comment_status":"open","ping_status":"closed","template":"","meta":{"pagelayer_contact_templates":[],"_pagelayer_content":""},"product_brand":[],"product_cat":[31],"product_tag":[],"class_list":{"0":"post-305","1":"product","2":"type-product","3":"status-publish","4":"has-post-thumbnail","6":"product_cat-actionneurs-multifonctions","7":"thunk-woo-product-list","8":"opn-qv-enable","9":"open-woo-hover-","10":"open-single-product-tab-horizontal","11":"open-shadow-","12":"open-shadow-hover-","14":"first","15":"instock","16":"taxable","17":"shipping-taxable","18":"product-type-simple"},"_links":{"self":[{"href":"https:\/\/palmiot.ma\/store\/wp-json\/wp\/v2\/product\/305","targetHints":{"allow":["GET"]}}],"collection":[{"href":"https:\/\/palmiot.ma\/store\/wp-json\/wp\/v2\/product"}],"about":[{"href":"https:\/\/palmiot.ma\/store\/wp-json\/wp\/v2\/types\/product"}],"replies":[{"embeddable":true,"href":"https:\/\/palmiot.ma\/store\/wp-json\/wp\/v2\/comments?post=305"}],"wp:featuredmedia":[{"embeddable":true,"href":"https:\/\/palmiot.ma\/store\/wp-json\/wp\/v2\/media\/308"}],"wp:attachment":[{"href":"https:\/\/palmiot.ma\/store\/wp-json\/wp\/v2\/media?parent=305"}],"wp:term":[{"taxonomy":"product_brand","embeddable":true,"href":"https:\/\/palmiot.ma\/store\/wp-json\/wp\/v2\/product_brand?post=305"},{"taxonomy":"product_cat","embeddable":true,"href":"https:\/\/palmiot.ma\/store\/wp-json\/wp\/v2\/product_cat?post=305"},{"taxonomy":"product_tag","embeddable":true,"href":"https:\/\/palmiot.ma\/store\/wp-json\/wp\/v2\/product_tag?post=305"}],"curies":[{"name":"wp","href":"https:\/\/api.w.org\/{rel}","templated":true}]}}