{"id":309,"date":"2026-03-30T17:55:14","date_gmt":"2026-03-30T17:55:14","guid":{"rendered":"https:\/\/palmiot.ma\/store\/?post_type=product&#038;p=309"},"modified":"2026-03-30T17:55:14","modified_gmt":"2026-03-30T17:55:14","slug":"ziomn40v3","status":"publish","type":"product","link":"https:\/\/palmiot.ma\/store\/produit\/ziomn40v3\/","title":{"rendered":"ZIOMN40V3"},"content":{"rendered":"<div class=\"product-ref\"><strong>REF:\u00a0<\/strong><\/div>\n<div class=\"product-content\">\n<p>Actionneur multifonction pour rail DIN (2 unit\u00e9s) de 4 sorties 16\u00a0A C-Load qui permettent une configuration multiple comme canaux de volets, sorties individuelles ou m\u00eame contr\u00f4leur de ventilo-convecteur. Il permet le contr\u00f4le manuel au moyen de boutons poussoir et il dispose d\u2019un module de fonctions logiques. Accessoires\u00a0: adaptateurs de volet AC\/DC.<\/p>\n<\/div>\n","protected":false},"excerpt":{"rendered":"<h1 class=\"entry-title\">MINiBOX 40 v3<\/h1>\n<h2 class=\"entry-subtitle\">Actionneur multifonction KNX avec KNX Secure &#8211; 4 sorties 16 A<\/h2>\n","protected":false},"featured_media":312,"comment_status":"open","ping_status":"closed","template":"","meta":{"pagelayer_contact_templates":[],"_pagelayer_content":""},"product_brand":[],"product_cat":[31],"product_tag":[],"class_list":{"0":"post-309","1":"product","2":"type-product","3":"status-publish","4":"has-post-thumbnail","6":"product_cat-actionneurs-multifonctions","7":"thunk-woo-product-list","8":"opn-qv-enable","9":"open-woo-hover-","10":"open-single-product-tab-horizontal","11":"open-shadow-","12":"open-shadow-hover-","14":"first","15":"instock","16":"taxable","17":"shipping-taxable","18":"product-type-simple"},"_links":{"self":[{"href":"https:\/\/palmiot.ma\/store\/wp-json\/wp\/v2\/product\/309","targetHints":{"allow":["GET"]}}],"collection":[{"href":"https:\/\/palmiot.ma\/store\/wp-json\/wp\/v2\/product"}],"about":[{"href":"https:\/\/palmiot.ma\/store\/wp-json\/wp\/v2\/types\/product"}],"replies":[{"embeddable":true,"href":"https:\/\/palmiot.ma\/store\/wp-json\/wp\/v2\/comments?post=309"}],"wp:featuredmedia":[{"embeddable":true,"href":"https:\/\/palmiot.ma\/store\/wp-json\/wp\/v2\/media\/312"}],"wp:attachment":[{"href":"https:\/\/palmiot.ma\/store\/wp-json\/wp\/v2\/media?parent=309"}],"wp:term":[{"taxonomy":"product_brand","embeddable":true,"href":"https:\/\/palmiot.ma\/store\/wp-json\/wp\/v2\/product_brand?post=309"},{"taxonomy":"product_cat","embeddable":true,"href":"https:\/\/palmiot.ma\/store\/wp-json\/wp\/v2\/product_cat?post=309"},{"taxonomy":"product_tag","embeddable":true,"href":"https:\/\/palmiot.ma\/store\/wp-json\/wp\/v2\/product_tag?post=309"}],"curies":[{"name":"wp","href":"https:\/\/api.w.org\/{rel}","templated":true}]}}