{"id":321,"date":"2026-03-30T18:04:50","date_gmt":"2026-03-30T18:04:50","guid":{"rendered":"https:\/\/palmiot.ma\/store\/?post_type=product&#038;p=321"},"modified":"2026-03-30T18:04:50","modified_gmt":"2026-03-30T18:04:50","slug":"zioib24v3","status":"publish","type":"product","link":"https:\/\/palmiot.ma\/store\/produit\/zioib24v3\/","title":{"rendered":"ZIOIB24V3"},"content":{"rendered":"<div class=\"product-ref\"><strong>REF: ZIOIB24V3<\/strong><\/div>\n<div class=\"product-content\">\n<p>Actionneur multifonction encastrable avec 2 sorties de relais (16\u00a0A C-Load) qui permettent une configuration multiple comme canal de volet ou comme sorties individuelles. Il permet le contr\u00f4le manuel et dispose de 4 thermostats, un module de 10 fonctions logiques et la fonction Master Light. Il dispose de 4 entr\u00e9es analogiques-num\u00e9riques qui peuvent \u00eatre configur\u00e9es comme entr\u00e9es binaires multifonction, pour capteurs et boutons poussoirs libres de potentiel, comme entr\u00e9es de sondes de temp\u00e9rature ou comme entr\u00e9es de d\u00e9tecteurs de mouvement.<br \/>\nAccessoires : Sondes de temp\u00e9rature, d\u00e9tecteur de mouvement et adaptateurs de volet AC\/DC.<\/p>\n<\/div>\n","protected":false},"excerpt":{"rendered":"<h1 class=\"entry-title\">inBOX 24 v3<\/h1>\n<h2 class=\"entry-subtitle\">Actionneur multifonction encastrable avec 2 sorties de relais (16 A C-Load) et 4 entr\u00e9es analogiques-num\u00e9riques<\/h2>\n","protected":false},"featured_media":324,"comment_status":"open","ping_status":"closed","template":"","meta":{"pagelayer_contact_templates":[],"_pagelayer_content":""},"product_brand":[],"product_cat":[31],"product_tag":[],"class_list":{"0":"post-321","1":"product","2":"type-product","3":"status-publish","4":"has-post-thumbnail","6":"product_cat-actionneurs-multifonctions","7":"thunk-woo-product-list","8":"opn-qv-enable","9":"open-woo-hover-","10":"open-single-product-tab-horizontal","11":"open-shadow-","12":"open-shadow-hover-","14":"first","15":"instock","16":"taxable","17":"shipping-taxable","18":"product-type-simple"},"_links":{"self":[{"href":"https:\/\/palmiot.ma\/store\/wp-json\/wp\/v2\/product\/321","targetHints":{"allow":["GET"]}}],"collection":[{"href":"https:\/\/palmiot.ma\/store\/wp-json\/wp\/v2\/product"}],"about":[{"href":"https:\/\/palmiot.ma\/store\/wp-json\/wp\/v2\/types\/product"}],"replies":[{"embeddable":true,"href":"https:\/\/palmiot.ma\/store\/wp-json\/wp\/v2\/comments?post=321"}],"wp:featuredmedia":[{"embeddable":true,"href":"https:\/\/palmiot.ma\/store\/wp-json\/wp\/v2\/media\/324"}],"wp:attachment":[{"href":"https:\/\/palmiot.ma\/store\/wp-json\/wp\/v2\/media?parent=321"}],"wp:term":[{"taxonomy":"product_brand","embeddable":true,"href":"https:\/\/palmiot.ma\/store\/wp-json\/wp\/v2\/product_brand?post=321"},{"taxonomy":"product_cat","embeddable":true,"href":"https:\/\/palmiot.ma\/store\/wp-json\/wp\/v2\/product_cat?post=321"},{"taxonomy":"product_tag","embeddable":true,"href":"https:\/\/palmiot.ma\/store\/wp-json\/wp\/v2\/product_tag?post=321"}],"curies":[{"name":"wp","href":"https:\/\/api.w.org\/{rel}","templated":true}]}}