{"id":339,"date":"2026-03-30T18:34:50","date_gmt":"2026-03-30T18:34:50","guid":{"rendered":"https:\/\/palmiot.ma\/store\/?post_type=product&#038;p=339"},"modified":"2026-03-30T18:34:50","modified_gmt":"2026-03-30T18:34:50","slug":"zpr88v2","status":"publish","type":"product","link":"https:\/\/palmiot.ma\/store\/produit\/zpr88v2\/","title":{"rendered":"ZPR88V2"},"content":{"rendered":"<div class=\"product-ref\"><strong>REF: ZPR88V2<\/strong><\/div>\n<div class=\"product-content\">\n<p>Dispositif multifonction qui int\u00e8gre tout le n\u00e9cessaire pour le contr\u00f4le et la supervision d\u2019installations, sur seulement 8 unit\u00e9s de rail DIN. Il inclut une alimentation KNX de 320\u00a0mA, une Interface KNX-IP, un contr\u00f4leur de climatisation avec jusqu\u2019\u00e0 4 thermostats de zone, un module de fonctions logiques et un actionneur multifonction de 8 entr\u00e9es et 8 sorties 16\u00a0A C-Load, qui permettent une configuration multiple comme sorties individuelles, canaux de volets ou contr\u00f4leur de ventilo-convecteur.<br \/>\nIl est compatible avec KNX\u00a0Secure.<\/p>\n<\/div>\n","protected":false},"excerpt":{"rendered":"<h1 class=\"entry-title\">ALLinBOX 88 v2<\/h1>\n<h2 class=\"entry-subtitle\">Dispositif multifonction avec source d&rsquo;alimentation, interface KNX-IP, 8 sorties, 8 entr\u00e9es et module de fonctions logiques<\/h2>\n","protected":false},"featured_media":342,"comment_status":"open","ping_status":"closed","template":"","meta":{"pagelayer_contact_templates":[],"_pagelayer_content":""},"product_brand":[],"product_cat":[32],"product_tag":[],"class_list":{"0":"post-339","1":"product","2":"type-product","3":"status-publish","4":"has-post-thumbnail","6":"product_cat-actionneurs-allinone","7":"thunk-woo-product-list","8":"opn-qv-enable","9":"open-woo-hover-","10":"open-single-product-tab-horizontal","11":"open-shadow-","12":"open-shadow-hover-","14":"first","15":"instock","16":"taxable","17":"shipping-taxable","18":"product-type-simple"},"_links":{"self":[{"href":"https:\/\/palmiot.ma\/store\/wp-json\/wp\/v2\/product\/339","targetHints":{"allow":["GET"]}}],"collection":[{"href":"https:\/\/palmiot.ma\/store\/wp-json\/wp\/v2\/product"}],"about":[{"href":"https:\/\/palmiot.ma\/store\/wp-json\/wp\/v2\/types\/product"}],"replies":[{"embeddable":true,"href":"https:\/\/palmiot.ma\/store\/wp-json\/wp\/v2\/comments?post=339"}],"wp:featuredmedia":[{"embeddable":true,"href":"https:\/\/palmiot.ma\/store\/wp-json\/wp\/v2\/media\/342"}],"wp:attachment":[{"href":"https:\/\/palmiot.ma\/store\/wp-json\/wp\/v2\/media?parent=339"}],"wp:term":[{"taxonomy":"product_brand","embeddable":true,"href":"https:\/\/palmiot.ma\/store\/wp-json\/wp\/v2\/product_brand?post=339"},{"taxonomy":"product_cat","embeddable":true,"href":"https:\/\/palmiot.ma\/store\/wp-json\/wp\/v2\/product_cat?post=339"},{"taxonomy":"product_tag","embeddable":true,"href":"https:\/\/palmiot.ma\/store\/wp-json\/wp\/v2\/product_tag?post=339"}],"curies":[{"name":"wp","href":"https:\/\/api.w.org\/{rel}","templated":true}]}}