{"id":343,"date":"2026-03-30T18:38:41","date_gmt":"2026-03-30T18:38:41","guid":{"rendered":"https:\/\/palmiot.ma\/store\/?post_type=product&#038;p=343"},"modified":"2026-03-30T18:38:41","modified_gmt":"2026-03-30T18:38:41","slug":"zpr46","status":"publish","type":"product","link":"https:\/\/palmiot.ma\/store\/produit\/zpr46\/","title":{"rendered":"ZPR46"},"content":{"rendered":"<div class=\"product-ref\"><strong>REF: ZPR46<\/strong><\/div>\n<div class=\"product-content\">\n<p>Dispositif multifonction qui int\u00e8gre tout le n\u00e9cessaire pour le contr\u00f4le et la supervision de petites installations, sur seulement 4.5 unit\u00e9s de rail DIN. Il inclut une alimentation KNX universelle de 160\u00a0mA, une Interface KNX-IP, un contr\u00f4leur de climatisation avec jusqu\u2019\u00e0 4 thermostats de zone, un module de fonctions logiques et un actionneur multifonction de 6 entr\u00e9es et 4 sorties 16\u00a0A C-Load, qui permettent une configuration multiple comme sorties individuelles, canaux de volets ou contr\u00f4leur de ventilo-convecteur (2 tubes).<\/p>\n<\/div>\n","protected":false},"excerpt":{"rendered":"<h1 class=\"entry-title\">ALLinBOX 46<\/h1>\n<h2 class=\"entry-subtitle\">Dispositif multifonction avec source d&rsquo;alimentation, interface KNX-IP, 4 sorties\/6 entr\u00e9es et module logique<\/h2>\n","protected":false},"featured_media":346,"comment_status":"open","ping_status":"closed","template":"","meta":{"pagelayer_contact_templates":[],"_pagelayer_content":""},"product_brand":[],"product_cat":[32],"product_tag":[],"class_list":{"0":"post-343","1":"product","2":"type-product","3":"status-publish","4":"has-post-thumbnail","6":"product_cat-actionneurs-allinone","7":"thunk-woo-product-list","8":"opn-qv-enable","9":"open-woo-hover-","10":"open-single-product-tab-horizontal","11":"open-shadow-","12":"open-shadow-hover-","14":"first","15":"instock","16":"taxable","17":"shipping-taxable","18":"product-type-simple"},"_links":{"self":[{"href":"https:\/\/palmiot.ma\/store\/wp-json\/wp\/v2\/product\/343","targetHints":{"allow":["GET"]}}],"collection":[{"href":"https:\/\/palmiot.ma\/store\/wp-json\/wp\/v2\/product"}],"about":[{"href":"https:\/\/palmiot.ma\/store\/wp-json\/wp\/v2\/types\/product"}],"replies":[{"embeddable":true,"href":"https:\/\/palmiot.ma\/store\/wp-json\/wp\/v2\/comments?post=343"}],"wp:featuredmedia":[{"embeddable":true,"href":"https:\/\/palmiot.ma\/store\/wp-json\/wp\/v2\/media\/346"}],"wp:attachment":[{"href":"https:\/\/palmiot.ma\/store\/wp-json\/wp\/v2\/media?parent=343"}],"wp:term":[{"taxonomy":"product_brand","embeddable":true,"href":"https:\/\/palmiot.ma\/store\/wp-json\/wp\/v2\/product_brand?post=343"},{"taxonomy":"product_cat","embeddable":true,"href":"https:\/\/palmiot.ma\/store\/wp-json\/wp\/v2\/product_cat?post=343"},{"taxonomy":"product_tag","embeddable":true,"href":"https:\/\/palmiot.ma\/store\/wp-json\/wp\/v2\/product_tag?post=343"}],"curies":[{"name":"wp","href":"https:\/\/api.w.org\/{rel}","templated":true}]}}